{"id":1014,"date":"2026-02-12T09:18:17","date_gmt":"2026-02-12T09:18:17","guid":{"rendered":"http:\/\/no3-schinkelplatz.com\/?page_id=1014"},"modified":"2026-03-24T14:50:26","modified_gmt":"2026-03-24T14:50:26","slug":"wohnen-auf-zeit","status":"publish","type":"page","link":"https:\/\/no3-schinkelplatz.com\/de\/wohnen-auf-zeit\/","title":{"rendered":"Wohnen auf Zeit"},"content":{"rendered":"\t\t<div data-elementor-type=\"wp-page\" data-elementor-id=\"1014\" class=\"elementor elementor-1014\" data-elementor-post-type=\"page\">\n\t\t\t\t<div class=\"elementor-element elementor-element-53aed08 e-con-full e-flex e-con e-parent\" data-id=\"53aed08\" data-element_type=\"container\" data-e-type=\"container\" data-settings=\"{&quot;background_background&quot;:&quot;classic&quot;}\">\n\t\t\t\t<div class=\"elementor-element elementor-element-c2aff25 elementor-widget elementor-widget-heading\" data-id=\"c2aff25\" data-element_type=\"widget\" data-e-type=\"widget\" data-widget_type=\"heading.default\">\n\t\t\t\t\t<h1 class=\"elementor-heading-title elementor-size-default\">Stil leben in einem Zuhause auf Zeit<\/h1>\t\t\t\t<\/div>\n\t\t\t\t<div class=\"elementor-element elementor-element-6c06e05 elementor-widget elementor-widget-text-editor\" data-id=\"6c06e05\" data-element_type=\"widget\" data-e-type=\"widget\" data-widget_type=\"text-editor.default\">\n\t\t\t\t\t\t\t\t\t<p>Privat. Einzigartig. Aussichtsreich. Komfortabel<\/p>\t\t\t\t\t\t\t\t<\/div>\n\t\t\t\t<\/div>\n\t\t<div class=\"elementor-element elementor-element-7891002 e-flex e-con-boxed e-con e-parent\" data-id=\"7891002\" data-element_type=\"container\" data-e-type=\"container\">\n\t\t\t\t\t<div class=\"e-con-inner\">\n\t\t\t\t<div class=\"elementor-element elementor-element-9e1a731 elementor-widget elementor-widget-spacer\" data-id=\"9e1a731\" data-element_type=\"widget\" data-e-type=\"widget\" data-widget_type=\"spacer.default\">\n\t\t\t\t\t\t\t<div class=\"elementor-spacer\">\n\t\t\t<div class=\"elementor-spacer-inner\"><\/div>\n\t\t<\/div>\n\t\t\t\t\t\t<\/div>\n\t\t<div class=\"elementor-element elementor-element-8c37cd9 e-con-full e-flex e-con e-child\" data-id=\"8c37cd9\" data-element_type=\"container\" data-e-type=\"container\" data-settings=\"{&quot;background_background&quot;:&quot;classic&quot;}\">\n\t\t<div class=\"elementor-element elementor-element-205d47f e-con-full e-flex e-con e-child\" data-id=\"205d47f\" data-element_type=\"container\" data-e-type=\"container\">\n\t\t\t\t<div class=\"elementor-element elementor-element-eed77e2 elementor-widget elementor-widget-heading\" data-id=\"eed77e2\" data-element_type=\"widget\" data-e-type=\"widget\" data-widget_type=\"heading.default\">\n\t\t\t\t\t<h2 class=\"elementor-heading-title elementor-size-default\">IN DER WELT UNTERWEGS,\n<br>IN BERLIN ZU BESUCH<\/h2>\t\t\t\t<\/div>\n\t\t\t\t<div class=\"elementor-element elementor-element-a6a9bb2 elementor-widget elementor-widget-text-editor\" data-id=\"a6a9bb2\" data-element_type=\"widget\" data-e-type=\"widget\" data-widget_type=\"text-editor.default\">\n\t\t\t\t\t\t\t\t\t<p>Das Konzept \u201eWohnen auf Zeit\u201c in N\u00ba3 SCHINKELPLATZ sucht seinesgleichen. Bei einem Aufenthalt von drei N\u00e4chten bis zu sechs Monaten verbindet sich an Berlins wohl prominentestem Wohnort das Angenehme mit dem N\u00fctzlichen auf h\u00f6chstem Niveau. Alles ist dabei perfekt f\u00fcr jeden pers\u00f6nlichen Anlass vorbereitet. Ob privater oder beruflicher Natur, ob allein, in Begleitung, mit Familie oder mit gro\u00dfer Entourage \u2013 N\u00ba3 SCHINKELPLATZ bietet ein f\u00fcr jeden individuellen Anlass ad\u00e4quates Zuhause auf Zeit in der Mitte Berlins.<\/p>\t\t\t\t\t\t\t\t<\/div>\n\t\t\t\t<\/div>\n\t\t<div class=\"elementor-element elementor-element-201e816 e-con-full e-flex e-con e-child\" data-id=\"201e816\" data-element_type=\"container\" data-e-type=\"container\">\n\t\t\t\t<div class=\"elementor-element elementor-element-a475a25 elementor-widget elementor-widget-image\" data-id=\"a475a25\" data-element_type=\"widget\" data-e-type=\"widget\" data-widget_type=\"image.default\">\n\t\t\t\t\t\t\t\t\t\t\t\t\t\t\t<img fetchpriority=\"high\" decoding=\"async\" width=\"800\" height=\"450\" src=\"https:\/\/no3-schinkelplatz.com\/wp-content\/uploads\/2026\/02\/wohnen-auf-zeit-berlin-schinkelplatz-no3-deluxe-seven-01-1024x576.jpg\" class=\"attachment-large size-large wp-image-902\" alt=\"Essbereich im N\u00ba3 Schinkelplatz in Berlin-Mitte mit Marmortisch, Designleuchten und Blick auf das Berliner Stadtschloss\" srcset=\"https:\/\/no3-schinkelplatz.com\/wp-content\/uploads\/2026\/02\/wohnen-auf-zeit-berlin-schinkelplatz-no3-deluxe-seven-01-1024x576.jpg 1024w, https:\/\/no3-schinkelplatz.com\/wp-content\/uploads\/2026\/02\/wohnen-auf-zeit-berlin-schinkelplatz-no3-deluxe-seven-01-300x169.jpg 300w, https:\/\/no3-schinkelplatz.com\/wp-content\/uploads\/2026\/02\/wohnen-auf-zeit-berlin-schinkelplatz-no3-deluxe-seven-01-768x432.jpg 768w, https:\/\/no3-schinkelplatz.com\/wp-content\/uploads\/2026\/02\/wohnen-auf-zeit-berlin-schinkelplatz-no3-deluxe-seven-01-1536x864.jpg 1536w, https:\/\/no3-schinkelplatz.com\/wp-content\/uploads\/2026\/02\/wohnen-auf-zeit-berlin-schinkelplatz-no3-deluxe-seven-01.jpg 1920w\" sizes=\"(max-width: 800px) 100vw, 800px\" \/>\t\t\t\t\t\t\t\t\t\t\t\t\t\t\t<\/div>\n\t\t\t\t<\/div>\n\t\t\t\t<\/div>\n\t\t<div class=\"elementor-element elementor-element-138065b e-con-full e-flex e-con e-child\" data-id=\"138065b\" data-element_type=\"container\" data-e-type=\"container\" data-settings=\"{&quot;background_background&quot;:&quot;classic&quot;}\">\n\t\t<div class=\"elementor-element elementor-element-ab35c4e e-con-full e-flex e-con e-child\" data-id=\"ab35c4e\" data-element_type=\"container\" data-e-type=\"container\">\n\t\t\t\t<div class=\"elementor-element elementor-element-516a064 elementor-widget elementor-widget-image\" data-id=\"516a064\" data-element_type=\"widget\" data-e-type=\"widget\" data-widget_type=\"image.default\">\n\t\t\t\t\t\t\t\t\t\t\t\t\t\t\t<img decoding=\"async\" width=\"800\" height=\"534\" src=\"https:\/\/no3-schinkelplatz.com\/wp-content\/uploads\/2026\/02\/wohnen-auf-zeit-berlin-schinkelplatz-no3-luxusresidenz-01-1024x683.jpg\" class=\"attachment-large size-large wp-image-1050\" alt=\"Schlafzimmer im N\u00ba3 Schinkelplatz in Berlin-Mitte mit Doppelbett, Kunstwerken und eleganter Lichtstimmung\" srcset=\"https:\/\/no3-schinkelplatz.com\/wp-content\/uploads\/2026\/02\/wohnen-auf-zeit-berlin-schinkelplatz-no3-luxusresidenz-01-1024x683.jpg 1024w, https:\/\/no3-schinkelplatz.com\/wp-content\/uploads\/2026\/02\/wohnen-auf-zeit-berlin-schinkelplatz-no3-luxusresidenz-01-300x200.jpg 300w, https:\/\/no3-schinkelplatz.com\/wp-content\/uploads\/2026\/02\/wohnen-auf-zeit-berlin-schinkelplatz-no3-luxusresidenz-01-768x512.jpg 768w, https:\/\/no3-schinkelplatz.com\/wp-content\/uploads\/2026\/02\/wohnen-auf-zeit-berlin-schinkelplatz-no3-luxusresidenz-01.jpg 1200w\" sizes=\"(max-width: 800px) 100vw, 800px\" \/>\t\t\t\t\t\t\t\t\t\t\t\t\t\t\t<\/div>\n\t\t\t\t<\/div>\n\t\t<div class=\"elementor-element elementor-element-41fffa6 e-con-full e-flex e-con e-child\" data-id=\"41fffa6\" data-element_type=\"container\" data-e-type=\"container\">\n\t\t\t\t<div class=\"elementor-element elementor-element-0d8dee4 elementor-widget elementor-widget-heading\" data-id=\"0d8dee4\" data-element_type=\"widget\" data-e-type=\"widget\" data-widget_type=\"heading.default\">\n\t\t\t\t\t<h2 class=\"elementor-heading-title elementor-size-default\">ANGEKOMMEN.<br>VOM ERSTEN AUGENBLICK AN<\/h2>\t\t\t\t<\/div>\n\t\t\t\t<div class=\"elementor-element elementor-element-66e9673 elementor-widget elementor-widget-text-editor\" data-id=\"66e9673\" data-element_type=\"widget\" data-e-type=\"widget\" data-widget_type=\"text-editor.default\">\n\t\t\t\t\t\t\t\t\t<p>Einzigartig ist in N\u00ba3 SCHINKELPLATZ nicht nur jede der UNIQUE RESIDENCES f\u00fcr sich. Auch der Service tr\u00e4gt zur ganz besonderen Atmosph\u00e4re bei, die dem Gast sofort das Gef\u00fchl vermittelt, zuhause zu sein. Diesem Ziel dienen die ganze Hingabe, Aufmerksamkeit, Pr\u00e4senz und Diskretion der Residence Manager, des Concierges und seines Teams. So entstehen von der Ankunft bis zum Abreise herausragende Momente in Berlin, die man gern in Erinnerung beh\u00e4lt.\u00a0<\/p>\t\t\t\t\t\t\t\t<\/div>\n\t\t\t\t<\/div>\n\t\t\t\t<\/div>\n\t\t<div class=\"elementor-element elementor-element-0e2c860 e-con-full e-flex e-con e-child\" data-id=\"0e2c860\" data-element_type=\"container\" data-e-type=\"container\" data-settings=\"{&quot;background_background&quot;:&quot;classic&quot;}\">\n\t\t<div class=\"elementor-element elementor-element-c2cb82a e-con-full e-flex e-con e-child\" data-id=\"c2cb82a\" data-element_type=\"container\" data-e-type=\"container\">\n\t\t\t\t<div class=\"elementor-element elementor-element-549d09b elementor-widget elementor-widget-heading\" data-id=\"549d09b\" data-element_type=\"widget\" data-e-type=\"widget\" data-widget_type=\"heading.default\">\n\t\t\t\t\t<h2 class=\"elementor-heading-title elementor-size-default\">STILVOLL RESIDIEREN,<br> REPR\u00c4SENTIEREN, RELAXEN<\/h2>\t\t\t\t<\/div>\n\t\t\t\t<div class=\"elementor-element elementor-element-e2d1a9a elementor-widget elementor-widget-text-editor\" data-id=\"e2d1a9a\" data-element_type=\"widget\" data-e-type=\"widget\" data-widget_type=\"text-editor.default\">\n\t\t\t\t\t\t\t\t\t<p>Die ausgekl\u00fcgelten Raum- und Gestaltungskonzepte der UNIQUE RESIDENCES werden allen Anspr\u00fcchen und W\u00fcnschen an ein Leben jenseits des \u00dcblichen gerecht. Die TOWNHOUSE, SUPERIOR und DELUXE RESIDENCES, die SCHINKEL RESIDENCE und die HUMBOLDT LOUNGE als exklusive Eventlocation brillieren durch ihre hohe Individualit\u00e4t. Sie lassen sich zudem miteinander kombinieren und bieten so bei au\u00dfergew\u00f6hnlichen Anl\u00e4ssen zus\u00e4tzliche Vorz\u00fcge.<\/p>\t\t\t\t\t\t\t\t<\/div>\n\t\t\t\t<div class=\"elementor-element elementor-element-7689290 elementor-align-justify elementor-laptop-align-left elementor-widget__width-initial elementor-widget-laptop__width-inherit elementor-mobile-align-justify elementor-widget elementor-widget-button\" data-id=\"7689290\" data-element_type=\"widget\" data-e-type=\"widget\" data-widget_type=\"button.default\">\n\t\t\t\t\t\t\t\t\t\t<a class=\"elementor-button elementor-button-link elementor-size-sm\" href=\"#elementor-action%3Aaction%3Dpopup%3Aopen%26settings%3DeyJpZCI6OTc5LCJ0b2dnbGUiOmZhbHNlfQ%3D%3D\">\n\t\t\t\t\t\t<span class=\"elementor-button-content-wrapper\">\n\t\t\t\t\t\t\t\t\t<span class=\"elementor-button-text\">Residenz anfragen<\/span>\n\t\t\t\t\t<\/span>\n\t\t\t\t\t<\/a>\n\t\t\t\t\t\t\t\t<\/div>\n\t\t\t\t<\/div>\n\t\t<div class=\"elementor-element elementor-element-89ff78d e-con-full e-flex e-con e-child\" data-id=\"89ff78d\" data-element_type=\"container\" data-e-type=\"container\">\n\t\t\t\t<div class=\"elementor-element elementor-element-0c8f81a elementor-widget elementor-widget-image\" data-id=\"0c8f81a\" data-element_type=\"widget\" data-e-type=\"widget\" data-widget_type=\"image.default\">\n\t\t\t\t\t\t\t\t\t\t\t\t\t\t\t<img decoding=\"async\" width=\"800\" height=\"568\" src=\"https:\/\/no3-schinkelplatz.com\/wp-content\/uploads\/2026\/02\/wohnen-auf-zeit-berlin-schinkelplatz-no3-umgebung-04-1024x727.jpg\" class=\"attachment-large size-large wp-image-822\" alt=\"Ausblick \u00fcber Berlin-Mitte mit Blick auf historische Architektur nahe N\u00ba3 Schinkelplatz\" srcset=\"https:\/\/no3-schinkelplatz.com\/wp-content\/uploads\/2026\/02\/wohnen-auf-zeit-berlin-schinkelplatz-no3-umgebung-04-1024x727.jpg 1024w, https:\/\/no3-schinkelplatz.com\/wp-content\/uploads\/2026\/02\/wohnen-auf-zeit-berlin-schinkelplatz-no3-umgebung-04-300x213.jpg 300w, https:\/\/no3-schinkelplatz.com\/wp-content\/uploads\/2026\/02\/wohnen-auf-zeit-berlin-schinkelplatz-no3-umgebung-04-768x545.jpg 768w, https:\/\/no3-schinkelplatz.com\/wp-content\/uploads\/2026\/02\/wohnen-auf-zeit-berlin-schinkelplatz-no3-umgebung-04-1536x1090.jpg 1536w, https:\/\/no3-schinkelplatz.com\/wp-content\/uploads\/2026\/02\/wohnen-auf-zeit-berlin-schinkelplatz-no3-umgebung-04.jpg 1920w\" sizes=\"(max-width: 800px) 100vw, 800px\" \/>\t\t\t\t\t\t\t\t\t\t\t\t\t\t\t<\/div>\n\t\t\t\t<\/div>\n\t\t\t\t<\/div>\n\t\t\t\t<div class=\"elementor-element elementor-element-b6ab49b elementor-widget elementor-widget-spacer\" data-id=\"b6ab49b\" data-element_type=\"widget\" data-e-type=\"widget\" data-widget_type=\"spacer.default\">\n\t\t\t\t\t\t\t<div class=\"elementor-spacer\">\n\t\t\t<div class=\"elementor-spacer-inner\"><\/div>\n\t\t<\/div>\n\t\t\t\t\t\t<\/div>\n\t\t\t\t\t<\/div>\n\t\t\t\t<\/div>\n\t\t\t\t<\/div>\n\t\t","protected":false},"excerpt":{"rendered":"<p>Stil leben in einem Zuhause auf Zeit Privat. Einzigartig. Aussichtsreich. Komfortabel IN DER WELT UNTERWEGS, IN BERLIN ZU BESUCH Das Konzept \u201eWohnen auf Zeit\u201c in N\u00ba3 SCHINKELPLATZ sucht seinesgleichen. Bei einem Aufenthalt von drei N\u00e4chten bis zu sechs Monaten verbindet sich an Berlins wohl prominentestem Wohnort das Angenehme mit dem N\u00fctzlichen auf h\u00f6chstem Niveau. Alles [&hellip;]<\/p>\n","protected":false},"author":1,"featured_media":0,"parent":0,"menu_order":0,"comment_status":"closed","ping_status":"closed","template":"elementor_header_footer","meta":{"footnotes":""},"class_list":["post-1014","page","type-page","status-publish","hentry"],"yoast_head":"<!-- This site is optimized with the Yoast SEO plugin v27.2 - https:\/\/yoast.com\/product\/yoast-seo-wordpress\/ -->\n<title>Luxus Residenzen Berlin Mitte | N\u00ba3 Schinkelplatz<\/title>\n<meta name=\"description\" content=\"N\u00ba3 Schinkelplatz Berlin: 10 exklusive Luxus-Residenzen in Bestlage zwischen Schloss und Dom. Gro\u00dfz\u00fcgige Wohnfl\u00e4chen, kuratiertes Design, Concierge-Service und maximale Privatsph\u00e4re auf h\u00f6chstem Niveau.\" \/>\n<meta name=\"robots\" content=\"index, follow, max-snippet:-1, max-image-preview:large, max-video-preview:-1\" \/>\n<link rel=\"canonical\" href=\"https:\/\/no3-schinkelplatz.com\/de\/wohnen-auf-zeit\/\" \/>\n<meta property=\"og:locale\" content=\"de_DE\" \/>\n<meta property=\"og:type\" content=\"article\" \/>\n<meta property=\"og:title\" content=\"Luxus Residenzen Berlin Mitte | N\u00ba3 Schinkelplatz\" \/>\n<meta property=\"og:description\" content=\"N\u00ba3 Schinkelplatz Berlin: 10 exklusive Luxus-Residenzen in Bestlage zwischen Schloss und Dom. Gro\u00dfz\u00fcgige Wohnfl\u00e4chen, kuratiertes Design, Concierge-Service und maximale Privatsph\u00e4re auf h\u00f6chstem Niveau.\" \/>\n<meta property=\"og:url\" content=\"https:\/\/no3-schinkelplatz.com\/de\/wohnen-auf-zeit\/\" \/>\n<meta property=\"og:site_name\" content=\"N\u00ba3 Schinkelplatz\" \/>\n<meta property=\"article:modified_time\" content=\"2026-03-24T14:50:26+00:00\" \/>\n<meta property=\"og:image\" content=\"http:\/\/no3-schinkelplatz.com\/wp-content\/uploads\/2026\/02\/wohnen-auf-zeit-berlin-schinkelplatz-no3-deluxe-seven-01-1024x576.jpg\" \/>\n<meta name=\"twitter:card\" content=\"summary_large_image\" \/>\n<meta name=\"twitter:label1\" content=\"Gesch\u00e4tzte Lesezeit\" \/>\n\t<meta name=\"twitter:data1\" content=\"2\u00a0Minuten\" \/>\n<script type=\"application\/ld+json\" class=\"yoast-schema-graph\">{\"@context\":\"https:\/\/schema.org\",\"@graph\":[{\"@type\":\"WebPage\",\"@id\":\"https:\/\/no3-schinkelplatz.com\/de\/wohnen-auf-zeit\/\",\"url\":\"https:\/\/no3-schinkelplatz.com\/de\/wohnen-auf-zeit\/\",\"name\":\"Luxus Residenzen Berlin Mitte | N\u00ba3 Schinkelplatz\",\"isPartOf\":{\"@id\":\"https:\/\/no3-schinkelplatz.com\/de\/#website\"},\"primaryImageOfPage\":{\"@id\":\"https:\/\/no3-schinkelplatz.com\/de\/wohnen-auf-zeit\/#primaryimage\"},\"image\":{\"@id\":\"https:\/\/no3-schinkelplatz.com\/de\/wohnen-auf-zeit\/#primaryimage\"},\"thumbnailUrl\":\"http:\/\/no3-schinkelplatz.com\/wp-content\/uploads\/2026\/02\/wohnen-auf-zeit-berlin-schinkelplatz-no3-deluxe-seven-01-1024x576.jpg\",\"datePublished\":\"2026-02-12T09:18:17+00:00\",\"dateModified\":\"2026-03-24T14:50:26+00:00\",\"description\":\"N\u00ba3 Schinkelplatz Berlin: 10 exklusive Luxus-Residenzen in Bestlage zwischen Schloss und Dom. Gro\u00dfz\u00fcgige Wohnfl\u00e4chen, kuratiertes Design, Concierge-Service und maximale Privatsph\u00e4re auf h\u00f6chstem Niveau.\",\"breadcrumb\":{\"@id\":\"https:\/\/no3-schinkelplatz.com\/de\/wohnen-auf-zeit\/#breadcrumb\"},\"inLanguage\":\"de\",\"potentialAction\":[{\"@type\":\"ReadAction\",\"target\":[\"https:\/\/no3-schinkelplatz.com\/de\/wohnen-auf-zeit\/\"]}]},{\"@type\":\"ImageObject\",\"inLanguage\":\"de\",\"@id\":\"https:\/\/no3-schinkelplatz.com\/de\/wohnen-auf-zeit\/#primaryimage\",\"url\":\"http:\/\/no3-schinkelplatz.com\/wp-content\/uploads\/2026\/02\/wohnen-auf-zeit-berlin-schinkelplatz-no3-deluxe-seven-01-1024x576.jpg\",\"contentUrl\":\"http:\/\/no3-schinkelplatz.com\/wp-content\/uploads\/2026\/02\/wohnen-auf-zeit-berlin-schinkelplatz-no3-deluxe-seven-01-1024x576.jpg\"},{\"@type\":\"BreadcrumbList\",\"@id\":\"https:\/\/no3-schinkelplatz.com\/de\/wohnen-auf-zeit\/#breadcrumb\",\"itemListElement\":[{\"@type\":\"ListItem\",\"position\":1,\"name\":\"Start\",\"item\":\"https:\/\/no3-schinkelplatz.com\/de\/\"},{\"@type\":\"ListItem\",\"position\":2,\"name\":\"Wohnen auf Zeit\"}]},{\"@type\":\"WebSite\",\"@id\":\"https:\/\/no3-schinkelplatz.com\/de\/#website\",\"url\":\"https:\/\/no3-schinkelplatz.com\/de\/\",\"name\":\"N\u00ba3 Schinkelplatz\",\"description\":\"Luxus Apartments in Berlin Mitte\",\"publisher\":{\"@id\":\"https:\/\/no3-schinkelplatz.com\/de\/#organization\"},\"potentialAction\":[{\"@type\":\"SearchAction\",\"target\":{\"@type\":\"EntryPoint\",\"urlTemplate\":\"https:\/\/no3-schinkelplatz.com\/de\/?s={search_term_string}\"},\"query-input\":{\"@type\":\"PropertyValueSpecification\",\"valueRequired\":true,\"valueName\":\"search_term_string\"}}],\"inLanguage\":\"de\"},{\"@type\":\"Organization\",\"@id\":\"https:\/\/no3-schinkelplatz.com\/de\/#organization\",\"name\":\"No3 - Schinkelplatz\",\"url\":\"https:\/\/no3-schinkelplatz.com\/de\/\",\"logo\":{\"@type\":\"ImageObject\",\"inLanguage\":\"de\",\"@id\":\"https:\/\/no3-schinkelplatz.com\/de\/#\/schema\/logo\/image\/\",\"url\":\"https:\/\/no3-schinkelplatz.com\/wp-content\/uploads\/2026\/01\/cropped-schinkelpatz-no3-logo.png\",\"contentUrl\":\"https:\/\/no3-schinkelplatz.com\/wp-content\/uploads\/2026\/01\/cropped-schinkelpatz-no3-logo.png\",\"width\":500,\"height\":316,\"caption\":\"No3 - Schinkelplatz\"},\"image\":{\"@id\":\"https:\/\/no3-schinkelplatz.com\/de\/#\/schema\/logo\/image\/\"}}]}<\/script>\n<!-- \/ Yoast SEO plugin. -->","yoast_head_json":{"title":"Luxus Residenzen Berlin Mitte | N\u00ba3 Schinkelplatz","description":"N\u00ba3 Schinkelplatz Berlin: 10 exklusive Luxus-Residenzen in Bestlage zwischen Schloss und Dom. Gro\u00dfz\u00fcgige Wohnfl\u00e4chen, kuratiertes Design, Concierge-Service und maximale Privatsph\u00e4re auf h\u00f6chstem Niveau.","robots":{"index":"index","follow":"follow","max-snippet":"max-snippet:-1","max-image-preview":"max-image-preview:large","max-video-preview":"max-video-preview:-1"},"canonical":"https:\/\/no3-schinkelplatz.com\/de\/wohnen-auf-zeit\/","og_locale":"de_DE","og_type":"article","og_title":"Luxus Residenzen Berlin Mitte | N\u00ba3 Schinkelplatz","og_description":"N\u00ba3 Schinkelplatz Berlin: 10 exklusive Luxus-Residenzen in Bestlage zwischen Schloss und Dom. Gro\u00dfz\u00fcgige Wohnfl\u00e4chen, kuratiertes Design, Concierge-Service und maximale Privatsph\u00e4re auf h\u00f6chstem Niveau.","og_url":"https:\/\/no3-schinkelplatz.com\/de\/wohnen-auf-zeit\/","og_site_name":"N\u00ba3 Schinkelplatz","article_modified_time":"2026-03-24T14:50:26+00:00","og_image":[{"url":"http:\/\/no3-schinkelplatz.com\/wp-content\/uploads\/2026\/02\/wohnen-auf-zeit-berlin-schinkelplatz-no3-deluxe-seven-01-1024x576.jpg","type":"","width":"","height":""}],"twitter_card":"summary_large_image","twitter_misc":{"Gesch\u00e4tzte Lesezeit":"2\u00a0Minuten"},"schema":{"@context":"https:\/\/schema.org","@graph":[{"@type":"WebPage","@id":"https:\/\/no3-schinkelplatz.com\/de\/wohnen-auf-zeit\/","url":"https:\/\/no3-schinkelplatz.com\/de\/wohnen-auf-zeit\/","name":"Luxus Residenzen Berlin Mitte | N\u00ba3 Schinkelplatz","isPartOf":{"@id":"https:\/\/no3-schinkelplatz.com\/de\/#website"},"primaryImageOfPage":{"@id":"https:\/\/no3-schinkelplatz.com\/de\/wohnen-auf-zeit\/#primaryimage"},"image":{"@id":"https:\/\/no3-schinkelplatz.com\/de\/wohnen-auf-zeit\/#primaryimage"},"thumbnailUrl":"http:\/\/no3-schinkelplatz.com\/wp-content\/uploads\/2026\/02\/wohnen-auf-zeit-berlin-schinkelplatz-no3-deluxe-seven-01-1024x576.jpg","datePublished":"2026-02-12T09:18:17+00:00","dateModified":"2026-03-24T14:50:26+00:00","description":"N\u00ba3 Schinkelplatz Berlin: 10 exklusive Luxus-Residenzen in Bestlage zwischen Schloss und Dom. Gro\u00dfz\u00fcgige Wohnfl\u00e4chen, kuratiertes Design, Concierge-Service und maximale Privatsph\u00e4re auf h\u00f6chstem Niveau.","breadcrumb":{"@id":"https:\/\/no3-schinkelplatz.com\/de\/wohnen-auf-zeit\/#breadcrumb"},"inLanguage":"de","potentialAction":[{"@type":"ReadAction","target":["https:\/\/no3-schinkelplatz.com\/de\/wohnen-auf-zeit\/"]}]},{"@type":"ImageObject","inLanguage":"de","@id":"https:\/\/no3-schinkelplatz.com\/de\/wohnen-auf-zeit\/#primaryimage","url":"http:\/\/no3-schinkelplatz.com\/wp-content\/uploads\/2026\/02\/wohnen-auf-zeit-berlin-schinkelplatz-no3-deluxe-seven-01-1024x576.jpg","contentUrl":"http:\/\/no3-schinkelplatz.com\/wp-content\/uploads\/2026\/02\/wohnen-auf-zeit-berlin-schinkelplatz-no3-deluxe-seven-01-1024x576.jpg"},{"@type":"BreadcrumbList","@id":"https:\/\/no3-schinkelplatz.com\/de\/wohnen-auf-zeit\/#breadcrumb","itemListElement":[{"@type":"ListItem","position":1,"name":"Start","item":"https:\/\/no3-schinkelplatz.com\/de\/"},{"@type":"ListItem","position":2,"name":"Wohnen auf Zeit"}]},{"@type":"WebSite","@id":"https:\/\/no3-schinkelplatz.com\/de\/#website","url":"https:\/\/no3-schinkelplatz.com\/de\/","name":"N\u00ba3 Schinkelplatz","description":"Luxus Apartments in Berlin Mitte","publisher":{"@id":"https:\/\/no3-schinkelplatz.com\/de\/#organization"},"potentialAction":[{"@type":"SearchAction","target":{"@type":"EntryPoint","urlTemplate":"https:\/\/no3-schinkelplatz.com\/de\/?s={search_term_string}"},"query-input":{"@type":"PropertyValueSpecification","valueRequired":true,"valueName":"search_term_string"}}],"inLanguage":"de"},{"@type":"Organization","@id":"https:\/\/no3-schinkelplatz.com\/de\/#organization","name":"No3 - Schinkelplatz","url":"https:\/\/no3-schinkelplatz.com\/de\/","logo":{"@type":"ImageObject","inLanguage":"de","@id":"https:\/\/no3-schinkelplatz.com\/de\/#\/schema\/logo\/image\/","url":"https:\/\/no3-schinkelplatz.com\/wp-content\/uploads\/2026\/01\/cropped-schinkelpatz-no3-logo.png","contentUrl":"https:\/\/no3-schinkelplatz.com\/wp-content\/uploads\/2026\/01\/cropped-schinkelpatz-no3-logo.png","width":500,"height":316,"caption":"No3 - Schinkelplatz"},"image":{"@id":"https:\/\/no3-schinkelplatz.com\/de\/#\/schema\/logo\/image\/"}}]}},"_links":{"self":[{"href":"https:\/\/no3-schinkelplatz.com\/de\/wp-json\/wp\/v2\/pages\/1014","targetHints":{"allow":["GET"]}}],"collection":[{"href":"https:\/\/no3-schinkelplatz.com\/de\/wp-json\/wp\/v2\/pages"}],"about":[{"href":"https:\/\/no3-schinkelplatz.com\/de\/wp-json\/wp\/v2\/types\/page"}],"author":[{"embeddable":true,"href":"https:\/\/no3-schinkelplatz.com\/de\/wp-json\/wp\/v2\/users\/1"}],"replies":[{"embeddable":true,"href":"https:\/\/no3-schinkelplatz.com\/de\/wp-json\/wp\/v2\/comments?post=1014"}],"version-history":[{"count":31,"href":"https:\/\/no3-schinkelplatz.com\/de\/wp-json\/wp\/v2\/pages\/1014\/revisions"}],"predecessor-version":[{"id":1405,"href":"https:\/\/no3-schinkelplatz.com\/de\/wp-json\/wp\/v2\/pages\/1014\/revisions\/1405"}],"wp:attachment":[{"href":"https:\/\/no3-schinkelplatz.com\/de\/wp-json\/wp\/v2\/media?parent=1014"}],"curies":[{"name":"wp","href":"https:\/\/api.w.org\/{rel}","templated":true}]}}