{"id":1104,"date":"2026-03-06T11:06:31","date_gmt":"2026-03-06T11:06:31","guid":{"rendered":"http:\/\/no3-schinkelplatz.com\/?page_id=1104"},"modified":"2026-03-30T12:16:41","modified_gmt":"2026-03-30T12:16:41","slug":"design-architecture","status":"publish","type":"page","link":"https:\/\/no3-schinkelplatz.com\/de\/design-architecture\/","title":{"rendered":"Design Architecture"},"content":{"rendered":"\t\t<div data-elementor-type=\"wp-page\" data-elementor-id=\"1104\" class=\"elementor elementor-1104\" data-elementor-post-type=\"page\">\n\t\t\t\t<div class=\"elementor-element elementor-element-ce5679c e-con-full e-flex e-con e-parent\" data-id=\"ce5679c\" data-element_type=\"container\" data-e-type=\"container\" data-settings=\"{&quot;background_background&quot;:&quot;classic&quot;}\">\n\t\t\t\t<div class=\"elementor-element elementor-element-1b0da96 elementor-widget elementor-widget-heading\" data-id=\"1b0da96\" data-element_type=\"widget\" data-e-type=\"widget\" data-widget_type=\"heading.default\">\n\t\t\t\t\t<div class=\"elementor-heading-title elementor-size-default\">DIE INDIVIDUELLE HANDSCHRIFT GROSSER GESTALTER<\/div>\t\t\t\t<\/div>\n\t\t\t\t<div class=\"elementor-element elementor-element-1351319 elementor-widget elementor-widget-heading\" data-id=\"1351319\" data-element_type=\"widget\" data-e-type=\"widget\" data-widget_type=\"heading.default\">\n\t\t\t\t\t<h1 class=\"elementor-heading-title elementor-size-default\">Architektur, Kunst und Design<\/h1>\t\t\t\t<\/div>\n\t\t\t\t<\/div>\n\t\t<div class=\"elementor-element elementor-element-775f09c e-con-full e-flex e-con e-parent\" data-id=\"775f09c\" data-element_type=\"container\" data-e-type=\"container\">\n\t\t\t\t<div class=\"elementor-element elementor-element-055d715 elementor-widget elementor-widget-spacer\" data-id=\"055d715\" data-element_type=\"widget\" data-e-type=\"widget\" data-widget_type=\"spacer.default\">\n\t\t\t\t\t\t\t<div class=\"elementor-spacer\">\n\t\t\t<div class=\"elementor-spacer-inner\"><\/div>\n\t\t<\/div>\n\t\t\t\t\t\t<\/div>\n\t\t<div class=\"elementor-element elementor-element-41be987 e-con-full e-flex e-con e-child\" data-id=\"41be987\" data-element_type=\"container\" data-e-type=\"container\" data-settings=\"{&quot;background_background&quot;:&quot;classic&quot;}\">\n\t\t\t\t<div class=\"elementor-element elementor-element-a34a6d4 elementor-widget elementor-widget-heading\" data-id=\"a34a6d4\" data-element_type=\"widget\" data-e-type=\"widget\" data-widget_type=\"heading.default\">\n\t\t\t\t\t<h2 class=\"elementor-heading-title elementor-size-default\">SO CHARAKTERVOLL WIE IHRE BEWOHNER<\/h2>\t\t\t\t<\/div>\n\t\t\t\t<div class=\"elementor-element elementor-element-0d043f5 elementor-widget elementor-widget-text-editor\" data-id=\"0d043f5\" data-element_type=\"widget\" data-e-type=\"widget\" data-widget_type=\"text-editor.default\">\n\t\t\t\t\t\t\t\t\t<p>Bereits die architektonische Gestaltung von N\u00ba3 SCHINKELPLATZ Berlin verspricht Gro\u00dfartiges. Sie stammt von Charlotte Frank und Axel Schultes. Und damit von den Architekten, die unter anderem bereits dem Bundeskanzleramt Form und Ausdruck verliehen haben. Allein die logenartigen Balkone, die als \u201eView of Berlin\u201c einzigartige Ausblicke \u00fcber den Schinkelplatz auf das neue Berliner Schloss und den Berliner Dom er\u00f6ffnen, sind ein Meisterwerk der Gestaltungskunst. F\u00fcr die Raumplanung, das Interior Design und die Ausstattung mit Kunstwerken und Designerst\u00fccken wiederum zeichnet das im Luxussegment erfahrene Team von FRANKONIA Eurobau verantwortlich. Hier wurde bei der Wahl der Formen, Farben und Materialien nichts dem Zufall \u00fcberlassen \u2013 bis hin zum Geschirr des jeweiligen Apartments. Jede der UNIQUE RESIDENCES erhielt so ihre ganz eigene Pers\u00f6nlichkeit.\u00a0<\/p>\t\t\t\t\t\t\t\t<\/div>\n\t\t\t\t<\/div>\n\t\t\t\t<div class=\"elementor-element elementor-element-3dfc6c4 elementor-widget elementor-widget-spacer\" data-id=\"3dfc6c4\" data-element_type=\"widget\" data-e-type=\"widget\" data-widget_type=\"spacer.default\">\n\t\t\t\t\t\t\t<div class=\"elementor-spacer\">\n\t\t\t<div class=\"elementor-spacer-inner\"><\/div>\n\t\t<\/div>\n\t\t\t\t\t\t<\/div>\n\t\t\t\t<\/div>\n\t\t<div class=\"elementor-element elementor-element-c66549c e-flex e-con-boxed e-con e-parent\" data-id=\"c66549c\" data-element_type=\"container\" data-e-type=\"container\">\n\t\t\t\t\t<div class=\"e-con-inner\">\n\t\t\t\t<div class=\"elementor-element elementor-element-26d86d2 elementor-widget elementor-widget-spacer\" data-id=\"26d86d2\" data-element_type=\"widget\" data-e-type=\"widget\" data-widget_type=\"spacer.default\">\n\t\t\t\t\t\t\t<div class=\"elementor-spacer\">\n\t\t\t<div class=\"elementor-spacer-inner\"><\/div>\n\t\t<\/div>\n\t\t\t\t\t\t<\/div>\n\t\t<div class=\"elementor-element elementor-element-3e5b61d e-con-full e-flex e-con e-child\" data-id=\"3e5b61d\" data-element_type=\"container\" data-e-type=\"container\" data-settings=\"{&quot;background_background&quot;:&quot;classic&quot;}\">\n\t\t<div class=\"elementor-element elementor-element-b04d4ce e-con-full e-flex e-con e-child\" data-id=\"b04d4ce\" data-element_type=\"container\" data-e-type=\"container\">\n\t\t\t\t<div class=\"elementor-element elementor-element-2f68038 elementor-widget elementor-widget-heading\" data-id=\"2f68038\" data-element_type=\"widget\" data-e-type=\"widget\" data-widget_type=\"heading.default\">\n\t\t\t\t\t<h3 class=\"elementor-heading-title elementor-size-default\">KPM BERLIN K\u00d6NIGLICHE PORZELLAN MANUFAKTUR<\/h3>\t\t\t\t<\/div>\n\t\t\t\t<div class=\"elementor-element elementor-element-dd33d34 elementor-widget elementor-widget-text-editor\" data-id=\"dd33d34\" data-element_type=\"widget\" data-e-type=\"widget\" data-widget_type=\"text-editor.default\">\n\t\t\t\t\t\t\t\t\t<p>Die ber\u00fchmte Porzellan-Manufaktur wurde 1751 von keinem Geringeren als Friedrich dem Gro\u00dfen gegr\u00fcndet. Seit \u00fcber 255 Jahren stellt das Unternehmen in Handarbeit Porzellan von zeitloser Anziehungskraft und h\u00f6chster Qualit\u00e4t her. Das Geschirr aus urspr\u00fcnglich k\u00f6niglicher Herkunft findet sich in allen UNIQUES RESIDENCES von N\u00ba3 SCHINKELPLATZ wieder. \u00a0<\/p>\t\t\t\t\t\t\t\t<\/div>\n\t\t\t\t<\/div>\n\t\t<div class=\"elementor-element elementor-element-24be0d2 e-con-full e-flex e-con e-child\" data-id=\"24be0d2\" data-element_type=\"container\" data-e-type=\"container\">\n\t\t\t\t<div class=\"elementor-element elementor-element-e5baab5 elementor-widget elementor-widget-image\" data-id=\"e5baab5\" data-element_type=\"widget\" data-e-type=\"widget\" data-widget_type=\"image.default\">\n\t\t\t\t\t\t\t\t\t\t\t\t\t\t\t<img fetchpriority=\"high\" decoding=\"async\" width=\"800\" height=\"450\" src=\"https:\/\/no3-schinkelplatz.com\/wp-content\/uploads\/2026\/03\/wohnen-auf-zeit-berlin-schinkelplatz-no3-kpm-1024x576.jpg\" class=\"attachment-large size-large wp-image-1161\" alt=\"Wohnen auf Zeit in Berlin-Mitte am N\u00ba3 Schinkelplatz nahe KPM Berlin und Tiergarten\" srcset=\"https:\/\/no3-schinkelplatz.com\/wp-content\/uploads\/2026\/03\/wohnen-auf-zeit-berlin-schinkelplatz-no3-kpm-1024x576.jpg 1024w, https:\/\/no3-schinkelplatz.com\/wp-content\/uploads\/2026\/03\/wohnen-auf-zeit-berlin-schinkelplatz-no3-kpm-300x169.jpg 300w, https:\/\/no3-schinkelplatz.com\/wp-content\/uploads\/2026\/03\/wohnen-auf-zeit-berlin-schinkelplatz-no3-kpm-768x432.jpg 768w, https:\/\/no3-schinkelplatz.com\/wp-content\/uploads\/2026\/03\/wohnen-auf-zeit-berlin-schinkelplatz-no3-kpm-1536x864.jpg 1536w, https:\/\/no3-schinkelplatz.com\/wp-content\/uploads\/2026\/03\/wohnen-auf-zeit-berlin-schinkelplatz-no3-kpm.jpg 1920w\" sizes=\"(max-width: 800px) 100vw, 800px\" \/>\t\t\t\t\t\t\t\t\t\t\t\t\t\t\t<\/div>\n\t\t\t\t<\/div>\n\t\t\t\t<\/div>\n\t\t<div class=\"elementor-element elementor-element-199c64c e-con-full e-flex e-con e-child\" data-id=\"199c64c\" data-element_type=\"container\" data-e-type=\"container\" data-settings=\"{&quot;background_background&quot;:&quot;classic&quot;}\">\n\t\t<div class=\"elementor-element elementor-element-3ddec40 e-con-full e-flex e-con e-child\" data-id=\"3ddec40\" data-element_type=\"container\" data-e-type=\"container\">\n\t\t\t\t<div class=\"elementor-element elementor-element-296d8e0 elementor-widget elementor-widget-image\" data-id=\"296d8e0\" data-element_type=\"widget\" data-e-type=\"widget\" data-widget_type=\"image.default\">\n\t\t\t\t\t\t\t\t\t\t\t\t\t\t\t<img decoding=\"async\" width=\"800\" height=\"450\" src=\"https:\/\/no3-schinkelplatz.com\/wp-content\/uploads\/2026\/03\/wohnen-auf-zeit-berlin-schinkelplatz-no3-stephan-kalutza-1024x576.jpg\" class=\"attachment-large size-large wp-image-1160\" alt=\"Kunst von Stephan Kalutza im Umfeld des N\u00ba3 Schinkelplatz in Berlin-Mitte \u2013 kulturelles Umfeld und Wohnen auf Zeit in zentraler Lage\" srcset=\"https:\/\/no3-schinkelplatz.com\/wp-content\/uploads\/2026\/03\/wohnen-auf-zeit-berlin-schinkelplatz-no3-stephan-kalutza-1024x576.jpg 1024w, https:\/\/no3-schinkelplatz.com\/wp-content\/uploads\/2026\/03\/wohnen-auf-zeit-berlin-schinkelplatz-no3-stephan-kalutza-300x169.jpg 300w, https:\/\/no3-schinkelplatz.com\/wp-content\/uploads\/2026\/03\/wohnen-auf-zeit-berlin-schinkelplatz-no3-stephan-kalutza-768x432.jpg 768w, https:\/\/no3-schinkelplatz.com\/wp-content\/uploads\/2026\/03\/wohnen-auf-zeit-berlin-schinkelplatz-no3-stephan-kalutza-1536x864.jpg 1536w, https:\/\/no3-schinkelplatz.com\/wp-content\/uploads\/2026\/03\/wohnen-auf-zeit-berlin-schinkelplatz-no3-stephan-kalutza.jpg 1920w\" sizes=\"(max-width: 800px) 100vw, 800px\" \/>\t\t\t\t\t\t\t\t\t\t\t\t\t\t\t<\/div>\n\t\t\t\t<\/div>\n\t\t<div class=\"elementor-element elementor-element-f674556 e-con-full e-flex e-con e-child\" data-id=\"f674556\" data-element_type=\"container\" data-e-type=\"container\">\n\t\t\t\t<div class=\"elementor-element elementor-element-5c83232 elementor-widget elementor-widget-heading\" data-id=\"5c83232\" data-element_type=\"widget\" data-e-type=\"widget\" data-widget_type=\"heading.default\">\n\t\t\t\t\t<h3 class=\"elementor-heading-title elementor-size-default\">Stephan Kaluza<\/h3>\t\t\t\t<\/div>\n\t\t\t\t<div class=\"elementor-element elementor-element-3016fa7 elementor-widget elementor-widget-text-editor\" data-id=\"3016fa7\" data-element_type=\"widget\" data-e-type=\"widget\" data-widget_type=\"text-editor.default\">\n\t\t\t\t\t\t\t\t\t<p>Bekannt f\u00fcr seine gro\u00dfformatigen, fotorealistischen Leinwandarbeiten, die neben Landschaften auch Portr\u00e4ts bekannt Pers\u00f6nlichkeiten zeigen, beeindrucken Kaluzas \u00d6lgem\u00e4lde mit einer atemberaubenden Pr\u00e4zision, die auf den ersten Blick wie Fotografien erscheinen. In seinen fotografischen Arbeiten setzt sich der studierte K\u00fcnstler, Kunsthistoriker, Philosoph und Geisteswissenschaftler mit den Facetten der Natur auseinander.\u00a0<\/p>\t\t\t\t\t\t\t\t<\/div>\n\t\t\t\t<\/div>\n\t\t\t\t<\/div>\n\t\t<div class=\"elementor-element elementor-element-bec9abe e-con-full e-flex e-con e-child\" data-id=\"bec9abe\" data-element_type=\"container\" data-e-type=\"container\" data-settings=\"{&quot;background_background&quot;:&quot;classic&quot;}\">\n\t\t<div class=\"elementor-element elementor-element-768be22 e-con-full e-flex e-con e-child\" data-id=\"768be22\" data-element_type=\"container\" data-e-type=\"container\">\n\t\t\t\t<div class=\"elementor-element elementor-element-6339eec elementor-widget elementor-widget-heading\" data-id=\"6339eec\" data-element_type=\"widget\" data-e-type=\"widget\" data-widget_type=\"heading.default\">\n\t\t\t\t\t<h3 class=\"elementor-heading-title elementor-size-default\">Dieter Nuhr<\/h3>\t\t\t\t<\/div>\n\t\t\t\t<div class=\"elementor-element elementor-element-6b1802f elementor-widget elementor-widget-text-editor\" data-id=\"6b1802f\" data-element_type=\"widget\" data-e-type=\"widget\" data-widget_type=\"text-editor.default\">\n\t\t\t\t\t\t\t\t\t<p>Nuhr ist im deutschsprachigen Raum vor allem als Satiriker bekannt. Genauso intensiv arbeitet Nuhr in seiner urspr\u00fcnglichen Profession als bildender K\u00fcnstler. So setzt sich Nuhr seit 1995 fotografisch mit verschiedenen kulturellen wie landschaftlichen Aspekten der Welt auseinander. Dabei wirken seine Bilder in Komposition, Farbgebung und Linienf\u00fchrung in erster Linie malerisch, da das Dokumentarische stets im Hintergrund bleibt. Auch Berlin als geschichtstr\u00e4chtige Hauptstadt seines Heimatlandes findet darin mit seinen verschwundenen Schaupl\u00e4tzen immer wieder einen Platz.\u00a0<\/p>\t\t\t\t\t\t\t\t<\/div>\n\t\t\t\t<\/div>\n\t\t<div class=\"elementor-element elementor-element-d6d8f6c e-con-full e-flex e-con e-child\" data-id=\"d6d8f6c\" data-element_type=\"container\" data-e-type=\"container\">\n\t\t\t\t<div class=\"elementor-element elementor-element-8ab0bce elementor-widget elementor-widget-image\" data-id=\"8ab0bce\" data-element_type=\"widget\" data-e-type=\"widget\" data-widget_type=\"image.default\">\n\t\t\t\t\t\t\t\t\t\t\t\t\t\t\t<img decoding=\"async\" width=\"800\" height=\"450\" src=\"https:\/\/no3-schinkelplatz.com\/wp-content\/uploads\/2026\/03\/wohnen-auf-zeit-berlin-schinkelplatz-no3-dieter-nuhr-1024x576.jpg\" class=\"attachment-large size-large wp-image-1162\" alt=\"N\u00ba3 Schinkelplatz in Berlin-Mitte im Umfeld kultureller Einrichtungen und Ausstellungen von Dieter Nuhr \u2013 Wohnen auf Zeit in zentraler Lage\" srcset=\"https:\/\/no3-schinkelplatz.com\/wp-content\/uploads\/2026\/03\/wohnen-auf-zeit-berlin-schinkelplatz-no3-dieter-nuhr-1024x576.jpg 1024w, https:\/\/no3-schinkelplatz.com\/wp-content\/uploads\/2026\/03\/wohnen-auf-zeit-berlin-schinkelplatz-no3-dieter-nuhr-300x169.jpg 300w, https:\/\/no3-schinkelplatz.com\/wp-content\/uploads\/2026\/03\/wohnen-auf-zeit-berlin-schinkelplatz-no3-dieter-nuhr-768x432.jpg 768w, https:\/\/no3-schinkelplatz.com\/wp-content\/uploads\/2026\/03\/wohnen-auf-zeit-berlin-schinkelplatz-no3-dieter-nuhr-1536x864.jpg 1536w, https:\/\/no3-schinkelplatz.com\/wp-content\/uploads\/2026\/03\/wohnen-auf-zeit-berlin-schinkelplatz-no3-dieter-nuhr.jpg 1920w\" sizes=\"(max-width: 800px) 100vw, 800px\" \/>\t\t\t\t\t\t\t\t\t\t\t\t\t\t\t<\/div>\n\t\t\t\t<\/div>\n\t\t\t\t<\/div>\n\t\t\t\t<div class=\"elementor-element elementor-element-fd68133 elementor-widget elementor-widget-spacer\" data-id=\"fd68133\" data-element_type=\"widget\" data-e-type=\"widget\" data-widget_type=\"spacer.default\">\n\t\t\t\t\t\t\t<div class=\"elementor-spacer\">\n\t\t\t<div class=\"elementor-spacer-inner\"><\/div>\n\t\t<\/div>\n\t\t\t\t\t\t<\/div>\n\t\t\t\t\t<\/div>\n\t\t\t\t<\/div>\n\t\t\t\t<\/div>\n\t\t","protected":false},"excerpt":{"rendered":"<p>DIE INDIVIDUELLE HANDSCHRIFT GROSSER GESTALTER Architektur, Kunst und Design SO CHARAKTERVOLL WIE IHRE BEWOHNER Bereits die architektonische Gestaltung von N\u00ba3 SCHINKELPLATZ Berlin verspricht Gro\u00dfartiges. Sie stammt von Charlotte Frank und Axel Schultes. Und damit von den Architekten, die unter anderem bereits dem Bundeskanzleramt Form und Ausdruck verliehen haben. Allein die logenartigen Balkone, die als \u201eView [&hellip;]<\/p>\n","protected":false},"author":1,"featured_media":918,"parent":0,"menu_order":0,"comment_status":"closed","ping_status":"closed","template":"elementor_header_footer","meta":{"footnotes":""},"class_list":["post-1104","page","type-page","status-publish","has-post-thumbnail","hentry"],"yoast_head":"<!-- This site is optimized with the Yoast SEO plugin v27.2 - https:\/\/yoast.com\/product\/yoast-seo-wordpress\/ -->\n<title>Architektur &amp; Design in Berlin-Mitte \u2013 Kuratierte Luxusresidenzen am Schinkelplatz | N\u00ba3 Schinkelplatz<\/title>\n<meta name=\"description\" content=\"Zeitlose Architektur und kuratiertes Interior. Die Residenzen verbinden klassische Formensprache mit zeitgen\u00f6ssischem Design.\" \/>\n<meta name=\"robots\" content=\"index, follow, max-snippet:-1, max-image-preview:large, max-video-preview:-1\" \/>\n<link rel=\"canonical\" href=\"https:\/\/no3-schinkelplatz.com\/de\/design-architecture\/\" \/>\n<meta property=\"og:locale\" content=\"de_DE\" \/>\n<meta property=\"og:type\" content=\"article\" \/>\n<meta property=\"og:title\" content=\"Architektur &amp; Design in Berlin-Mitte \u2013 Kuratierte Luxusresidenzen am Schinkelplatz | N\u00ba3 Schinkelplatz\" \/>\n<meta property=\"og:description\" content=\"Zeitlose Architektur und kuratiertes Interior. Die Residenzen verbinden klassische Formensprache mit zeitgen\u00f6ssischem Design.\" \/>\n<meta property=\"og:url\" content=\"https:\/\/no3-schinkelplatz.com\/de\/design-architecture\/\" \/>\n<meta property=\"og:site_name\" content=\"N\u00ba3 Schinkelplatz\" \/>\n<meta property=\"article:modified_time\" content=\"2026-03-30T12:16:41+00:00\" \/>\n<meta property=\"og:image\" content=\"https:\/\/no3-schinkelplatz.com\/wp-content\/uploads\/2026\/02\/wohnen-auf-zeit-berlin-schinkelplatz-no3-schinkel-residence-01.jpg\" \/>\n\t<meta property=\"og:image:width\" content=\"1920\" \/>\n\t<meta property=\"og:image:height\" content=\"1080\" \/>\n\t<meta property=\"og:image:type\" content=\"image\/jpeg\" \/>\n<meta name=\"twitter:card\" content=\"summary_large_image\" \/>\n<meta name=\"twitter:label1\" content=\"Gesch\u00e4tzte Lesezeit\" \/>\n\t<meta name=\"twitter:data1\" content=\"2\u00a0Minuten\" \/>\n<script type=\"application\/ld+json\" class=\"yoast-schema-graph\">{\"@context\":\"https:\/\/schema.org\",\"@graph\":[{\"@type\":\"WebPage\",\"@id\":\"https:\/\/no3-schinkelplatz.com\/de\/design-architecture\/\",\"url\":\"https:\/\/no3-schinkelplatz.com\/de\/design-architecture\/\",\"name\":\"Architektur & Design in Berlin-Mitte \u2013 Kuratierte Luxusresidenzen am Schinkelplatz | N\u00ba3 Schinkelplatz\",\"isPartOf\":{\"@id\":\"https:\/\/no3-schinkelplatz.com\/de\/#website\"},\"primaryImageOfPage\":{\"@id\":\"https:\/\/no3-schinkelplatz.com\/de\/design-architecture\/#primaryimage\"},\"image\":{\"@id\":\"https:\/\/no3-schinkelplatz.com\/de\/design-architecture\/#primaryimage\"},\"thumbnailUrl\":\"https:\/\/no3-schinkelplatz.com\/wp-content\/uploads\/2026\/02\/wohnen-auf-zeit-berlin-schinkelplatz-no3-schinkel-residence-01.jpg\",\"datePublished\":\"2026-03-06T11:06:31+00:00\",\"dateModified\":\"2026-03-30T12:16:41+00:00\",\"description\":\"Zeitlose Architektur und kuratiertes Interior. Die Residenzen verbinden klassische Formensprache mit zeitgen\u00f6ssischem Design.\",\"breadcrumb\":{\"@id\":\"https:\/\/no3-schinkelplatz.com\/de\/design-architecture\/#breadcrumb\"},\"inLanguage\":\"de\",\"potentialAction\":[{\"@type\":\"ReadAction\",\"target\":[\"https:\/\/no3-schinkelplatz.com\/de\/design-architecture\/\"]}]},{\"@type\":\"ImageObject\",\"inLanguage\":\"de\",\"@id\":\"https:\/\/no3-schinkelplatz.com\/de\/design-architecture\/#primaryimage\",\"url\":\"https:\/\/no3-schinkelplatz.com\/wp-content\/uploads\/2026\/02\/wohnen-auf-zeit-berlin-schinkelplatz-no3-schinkel-residence-01.jpg\",\"contentUrl\":\"https:\/\/no3-schinkelplatz.com\/wp-content\/uploads\/2026\/02\/wohnen-auf-zeit-berlin-schinkelplatz-no3-schinkel-residence-01.jpg\",\"width\":1920,\"height\":1080,\"caption\":\"Essbereich im N\u00ba3 Schinkelplatz in Berlin-Mitte mit gro\u00dfem Design-Tisch und Blick auf das Schloss\"},{\"@type\":\"BreadcrumbList\",\"@id\":\"https:\/\/no3-schinkelplatz.com\/de\/design-architecture\/#breadcrumb\",\"itemListElement\":[{\"@type\":\"ListItem\",\"position\":1,\"name\":\"Start\",\"item\":\"https:\/\/no3-schinkelplatz.com\/de\/\"},{\"@type\":\"ListItem\",\"position\":2,\"name\":\"Design Architecture\"}]},{\"@type\":\"WebSite\",\"@id\":\"https:\/\/no3-schinkelplatz.com\/de\/#website\",\"url\":\"https:\/\/no3-schinkelplatz.com\/de\/\",\"name\":\"N\u00ba3 Schinkelplatz\",\"description\":\"Luxus Apartments in Berlin Mitte\",\"publisher\":{\"@id\":\"https:\/\/no3-schinkelplatz.com\/de\/#organization\"},\"potentialAction\":[{\"@type\":\"SearchAction\",\"target\":{\"@type\":\"EntryPoint\",\"urlTemplate\":\"https:\/\/no3-schinkelplatz.com\/de\/?s={search_term_string}\"},\"query-input\":{\"@type\":\"PropertyValueSpecification\",\"valueRequired\":true,\"valueName\":\"search_term_string\"}}],\"inLanguage\":\"de\"},{\"@type\":\"Organization\",\"@id\":\"https:\/\/no3-schinkelplatz.com\/de\/#organization\",\"name\":\"No3 - Schinkelplatz\",\"url\":\"https:\/\/no3-schinkelplatz.com\/de\/\",\"logo\":{\"@type\":\"ImageObject\",\"inLanguage\":\"de\",\"@id\":\"https:\/\/no3-schinkelplatz.com\/de\/#\/schema\/logo\/image\/\",\"url\":\"https:\/\/no3-schinkelplatz.com\/wp-content\/uploads\/2026\/01\/cropped-schinkelpatz-no3-logo.png\",\"contentUrl\":\"https:\/\/no3-schinkelplatz.com\/wp-content\/uploads\/2026\/01\/cropped-schinkelpatz-no3-logo.png\",\"width\":500,\"height\":316,\"caption\":\"No3 - Schinkelplatz\"},\"image\":{\"@id\":\"https:\/\/no3-schinkelplatz.com\/de\/#\/schema\/logo\/image\/\"}}]}<\/script>\n<!-- \/ Yoast SEO plugin. -->","yoast_head_json":{"title":"Architektur & Design in Berlin-Mitte \u2013 Kuratierte Luxusresidenzen am Schinkelplatz | N\u00ba3 Schinkelplatz","description":"Zeitlose Architektur und kuratiertes Interior. Die Residenzen verbinden klassische Formensprache mit zeitgen\u00f6ssischem Design.","robots":{"index":"index","follow":"follow","max-snippet":"max-snippet:-1","max-image-preview":"max-image-preview:large","max-video-preview":"max-video-preview:-1"},"canonical":"https:\/\/no3-schinkelplatz.com\/de\/design-architecture\/","og_locale":"de_DE","og_type":"article","og_title":"Architektur & Design in Berlin-Mitte \u2013 Kuratierte Luxusresidenzen am Schinkelplatz | N\u00ba3 Schinkelplatz","og_description":"Zeitlose Architektur und kuratiertes Interior. Die Residenzen verbinden klassische Formensprache mit zeitgen\u00f6ssischem Design.","og_url":"https:\/\/no3-schinkelplatz.com\/de\/design-architecture\/","og_site_name":"N\u00ba3 Schinkelplatz","article_modified_time":"2026-03-30T12:16:41+00:00","og_image":[{"width":1920,"height":1080,"url":"https:\/\/no3-schinkelplatz.com\/wp-content\/uploads\/2026\/02\/wohnen-auf-zeit-berlin-schinkelplatz-no3-schinkel-residence-01.jpg","type":"image\/jpeg"}],"twitter_card":"summary_large_image","twitter_misc":{"Gesch\u00e4tzte Lesezeit":"2\u00a0Minuten"},"schema":{"@context":"https:\/\/schema.org","@graph":[{"@type":"WebPage","@id":"https:\/\/no3-schinkelplatz.com\/de\/design-architecture\/","url":"https:\/\/no3-schinkelplatz.com\/de\/design-architecture\/","name":"Architektur & Design in Berlin-Mitte \u2013 Kuratierte Luxusresidenzen am Schinkelplatz | N\u00ba3 Schinkelplatz","isPartOf":{"@id":"https:\/\/no3-schinkelplatz.com\/de\/#website"},"primaryImageOfPage":{"@id":"https:\/\/no3-schinkelplatz.com\/de\/design-architecture\/#primaryimage"},"image":{"@id":"https:\/\/no3-schinkelplatz.com\/de\/design-architecture\/#primaryimage"},"thumbnailUrl":"https:\/\/no3-schinkelplatz.com\/wp-content\/uploads\/2026\/02\/wohnen-auf-zeit-berlin-schinkelplatz-no3-schinkel-residence-01.jpg","datePublished":"2026-03-06T11:06:31+00:00","dateModified":"2026-03-30T12:16:41+00:00","description":"Zeitlose Architektur und kuratiertes Interior. Die Residenzen verbinden klassische Formensprache mit zeitgen\u00f6ssischem Design.","breadcrumb":{"@id":"https:\/\/no3-schinkelplatz.com\/de\/design-architecture\/#breadcrumb"},"inLanguage":"de","potentialAction":[{"@type":"ReadAction","target":["https:\/\/no3-schinkelplatz.com\/de\/design-architecture\/"]}]},{"@type":"ImageObject","inLanguage":"de","@id":"https:\/\/no3-schinkelplatz.com\/de\/design-architecture\/#primaryimage","url":"https:\/\/no3-schinkelplatz.com\/wp-content\/uploads\/2026\/02\/wohnen-auf-zeit-berlin-schinkelplatz-no3-schinkel-residence-01.jpg","contentUrl":"https:\/\/no3-schinkelplatz.com\/wp-content\/uploads\/2026\/02\/wohnen-auf-zeit-berlin-schinkelplatz-no3-schinkel-residence-01.jpg","width":1920,"height":1080,"caption":"Essbereich im N\u00ba3 Schinkelplatz in Berlin-Mitte mit gro\u00dfem Design-Tisch und Blick auf das Schloss"},{"@type":"BreadcrumbList","@id":"https:\/\/no3-schinkelplatz.com\/de\/design-architecture\/#breadcrumb","itemListElement":[{"@type":"ListItem","position":1,"name":"Start","item":"https:\/\/no3-schinkelplatz.com\/de\/"},{"@type":"ListItem","position":2,"name":"Design Architecture"}]},{"@type":"WebSite","@id":"https:\/\/no3-schinkelplatz.com\/de\/#website","url":"https:\/\/no3-schinkelplatz.com\/de\/","name":"N\u00ba3 Schinkelplatz","description":"Luxus Apartments in Berlin Mitte","publisher":{"@id":"https:\/\/no3-schinkelplatz.com\/de\/#organization"},"potentialAction":[{"@type":"SearchAction","target":{"@type":"EntryPoint","urlTemplate":"https:\/\/no3-schinkelplatz.com\/de\/?s={search_term_string}"},"query-input":{"@type":"PropertyValueSpecification","valueRequired":true,"valueName":"search_term_string"}}],"inLanguage":"de"},{"@type":"Organization","@id":"https:\/\/no3-schinkelplatz.com\/de\/#organization","name":"No3 - Schinkelplatz","url":"https:\/\/no3-schinkelplatz.com\/de\/","logo":{"@type":"ImageObject","inLanguage":"de","@id":"https:\/\/no3-schinkelplatz.com\/de\/#\/schema\/logo\/image\/","url":"https:\/\/no3-schinkelplatz.com\/wp-content\/uploads\/2026\/01\/cropped-schinkelpatz-no3-logo.png","contentUrl":"https:\/\/no3-schinkelplatz.com\/wp-content\/uploads\/2026\/01\/cropped-schinkelpatz-no3-logo.png","width":500,"height":316,"caption":"No3 - Schinkelplatz"},"image":{"@id":"https:\/\/no3-schinkelplatz.com\/de\/#\/schema\/logo\/image\/"}}]}},"_links":{"self":[{"href":"https:\/\/no3-schinkelplatz.com\/de\/wp-json\/wp\/v2\/pages\/1104","targetHints":{"allow":["GET"]}}],"collection":[{"href":"https:\/\/no3-schinkelplatz.com\/de\/wp-json\/wp\/v2\/pages"}],"about":[{"href":"https:\/\/no3-schinkelplatz.com\/de\/wp-json\/wp\/v2\/types\/page"}],"author":[{"embeddable":true,"href":"https:\/\/no3-schinkelplatz.com\/de\/wp-json\/wp\/v2\/users\/1"}],"replies":[{"embeddable":true,"href":"https:\/\/no3-schinkelplatz.com\/de\/wp-json\/wp\/v2\/comments?post=1104"}],"version-history":[{"count":16,"href":"https:\/\/no3-schinkelplatz.com\/de\/wp-json\/wp\/v2\/pages\/1104\/revisions"}],"predecessor-version":[{"id":1740,"href":"https:\/\/no3-schinkelplatz.com\/de\/wp-json\/wp\/v2\/pages\/1104\/revisions\/1740"}],"wp:featuredmedia":[{"embeddable":true,"href":"https:\/\/no3-schinkelplatz.com\/de\/wp-json\/wp\/v2\/media\/918"}],"wp:attachment":[{"href":"https:\/\/no3-schinkelplatz.com\/de\/wp-json\/wp\/v2\/media?parent=1104"}],"curies":[{"name":"wp","href":"https:\/\/api.w.org\/{rel}","templated":true}]}}