{"id":1108,"date":"2026-03-06T11:08:00","date_gmt":"2026-03-06T11:08:00","guid":{"rendered":"http:\/\/no3-schinkelplatz.com\/?page_id=1108"},"modified":"2026-03-30T09:21:44","modified_gmt":"2026-03-30T09:21:44","slug":"datenschutz","status":"publish","type":"page","link":"https:\/\/no3-schinkelplatz.com\/de\/datenschutz\/","title":{"rendered":"Datenschutz"},"content":{"rendered":"\t\t<div data-elementor-type=\"wp-page\" data-elementor-id=\"1108\" class=\"elementor elementor-1108\" data-elementor-post-type=\"page\">\n\t\t\t\t<div class=\"elementor-element elementor-element-82ec5bd e-con-full e-flex e-con e-parent\" data-id=\"82ec5bd\" data-element_type=\"container\" data-e-type=\"container\" data-settings=\"{&quot;background_background&quot;:&quot;classic&quot;}\">\n\t\t\t\t<div class=\"elementor-element elementor-element-50264ac elementor-widget elementor-widget-text-editor\" data-id=\"50264ac\" data-element_type=\"widget\" data-e-type=\"widget\" data-widget_type=\"text-editor.default\">\n\t\t\t\t\t\t\t\t\t<p>Datenschutz<\/p>\t\t\t\t\t\t\t\t<\/div>\n\t\t\t\t<\/div>\n\t\t<div class=\"elementor-element elementor-element-a947800 e-con-full e-flex e-con e-parent\" data-id=\"a947800\" data-element_type=\"container\" data-e-type=\"container\">\n\t\t\t\t<div class=\"elementor-element elementor-element-97a76dd elementor-widget elementor-widget-spacer\" data-id=\"97a76dd\" data-element_type=\"widget\" data-e-type=\"widget\" data-widget_type=\"spacer.default\">\n\t\t\t\t\t\t\t<div class=\"elementor-spacer\">\n\t\t\t<div class=\"elementor-spacer-inner\"><\/div>\n\t\t<\/div>\n\t\t\t\t\t\t<\/div>\n\t\t<div class=\"elementor-element elementor-element-d05907b e-con-full e-flex elementor-invisible e-con e-child\" data-id=\"d05907b\" data-element_type=\"container\" data-e-type=\"container\" data-settings=\"{&quot;animation&quot;:&quot;slideInUp&quot;,&quot;background_background&quot;:&quot;classic&quot;}\">\n\t\t\t\t<div class=\"elementor-element elementor-element-8080bf6 elementor-widget elementor-widget-heading\" data-id=\"8080bf6\" data-element_type=\"widget\" data-e-type=\"widget\" data-widget_type=\"heading.default\">\n\t\t\t\t\t<h1 class=\"elementor-heading-title elementor-size-default\">Datenschutz<\/h1>\t\t\t\t<\/div>\n\t\t\t\t<div class=\"elementor-element elementor-element-ee4e098 elementor-widget elementor-widget-text-editor\" data-id=\"ee4e098\" data-element_type=\"widget\" data-e-type=\"widget\" data-widget_type=\"text-editor.default\">\n\t\t\t\t\t\t\t\t\t<h4 data-section-id=\"108h1p8\" data-start=\"216\" data-end=\"243\">Datenschutzerkl\u00e4rung<\/h4><p data-start=\"244\" data-end=\"265\"><strong data-start=\"244\" data-end=\"265\">N\u00ba3 Schinkelplatz<\/strong><\/p><hr data-start=\"267\" data-end=\"270\" \/><h4 data-section-id=\"1t4eacn\" data-start=\"272\" data-end=\"294\">1. Verantwortlicher<\/h4><p data-start=\"296\" data-end=\"362\">Verantwortlicher f\u00fcr die Datenverarbeitung auf dieser Website ist:<\/p><p data-start=\"364\" data-end=\"449\">FRANKONIA Eurobau Schinkelplatz GmbH<br data-start=\"400\" data-end=\"403\" \/>Schinkelplatz 2<br data-start=\"418\" data-end=\"421\" \/>10117 Berlin<br data-start=\"433\" data-end=\"436\" \/>Deutschland<\/p><p data-start=\"451\" data-end=\"522\">Telefon: +49 (0) 30 206 48299<br data-start=\"480\" data-end=\"483\" \/>E-Mail: <a class=\"decorated-link cursor-pointer\" rel=\"noopener\" data-start=\"491\" data-end=\"520\">contact@no3-schinkelplatz.com<\/a><\/p><hr data-start=\"524\" data-end=\"527\" \/><h4 data-section-id=\"1jniknq\" data-start=\"529\" data-end=\"558\">2. Datenschutzbeauftragter<\/h4><p data-start=\"560\" data-end=\"612\">Der Datenschutzbeauftragte des Verantwortlichen ist:<\/p><p data-start=\"614\" data-end=\"707\">BITsic GmbH<br data-start=\"625\" data-end=\"628\" \/>Herr Mario Rosenkranz<br data-start=\"649\" data-end=\"652\" \/>Vesperther Trift 7<br data-start=\"670\" data-end=\"673\" \/>33181 Bad W\u00fcnnenberg-F\u00fcrstenberg<\/p><p data-start=\"709\" data-end=\"773\">Telefon: +49 (0) 2953 39699 20<br data-start=\"739\" data-end=\"742\" \/>E-Mail: <a class=\"decorated-link cursor-pointer\" rel=\"noopener\" data-start=\"750\" data-end=\"771\">datenschutz@bitsic.de<\/a><\/p><hr data-start=\"775\" data-end=\"778\" \/><h4 data-section-id=\"9qig9k\" data-start=\"780\" data-end=\"793\">3. Hosting<\/h4><p data-start=\"795\" data-end=\"871\">Diese Website wird bei der <span class=\"hover:entity-accent entity-underline inline cursor-pointer align-baseline\"><span class=\"whitespace-normal\">STRATO AG<\/span><\/span> gehostet.<\/p><p data-start=\"873\" data-end=\"1099\">Die personenbezogenen Daten, die auf dieser Website erfasst werden, werden auf den Servern des Hosters verarbeitet. Hierbei kann es sich insbesondere um IP-Adressen, Meta- und Kommunikationsdaten sowie Websitezugriffe handeln.<\/p><p data-start=\"1101\" data-end=\"1269\">Die Verarbeitung erfolgt auf Grundlage von Art. 6 Abs. 1 lit. f DSGVO (berechtigtes Interesse an einer sicheren und effizienten Bereitstellung unseres Onlineangebotes).<\/p><p data-start=\"1271\" data-end=\"1333\">Ein Auftragsverarbeitungsvertrag (AVV) mit dem Hoster besteht.<\/p><hr data-start=\"1335\" data-end=\"1338\" \/><h4 data-section-id=\"1y8cbpv\" data-start=\"1340\" data-end=\"1377\">4. Zugriffsdaten \/ Server-Logfiles<\/h4><p data-start=\"1379\" data-end=\"1520\">Beim Aufruf dieser Website werden durch den Hostinganbieter automatisch Informationen in sogenannten Server-Logfiles erhoben und gespeichert.<\/p><p data-start=\"1522\" data-end=\"1545\">Dies sind insbesondere:<\/p><ul data-start=\"1546\" data-end=\"1711\"><li data-section-id=\"lq55n4\" data-start=\"1546\" data-end=\"1579\">Browsertyp und Browserversion<\/li><li data-section-id=\"16zjdan\" data-start=\"1580\" data-end=\"1610\">verwendetes Betriebssystem<\/li><li data-section-id=\"anwpz4\" data-start=\"1611\" data-end=\"1627\">Referrer URL<\/li><li data-section-id=\"11xzbtr\" data-start=\"1628\" data-end=\"1666\">Hostname des zugreifenden Rechners<\/li><li data-section-id=\"6is6x7\" data-start=\"1667\" data-end=\"1696\">Uhrzeit der Serveranfrage<\/li><li data-section-id=\"1h0uk97\" data-start=\"1697\" data-end=\"1711\">IP-Adresse<\/li><\/ul><p data-start=\"1713\" data-end=\"1822\">Die Verarbeitung erfolgt zur Sicherstellung eines st\u00f6rungsfreien Betriebs sowie zur Verbesserung der Website.<\/p><hr data-start=\"1824\" data-end=\"1827\" \/><h4 data-section-id=\"oj9yaq\" data-start=\"1829\" data-end=\"1877\">5. Einsatz von Cookies und Consent Management<\/h4><p data-start=\"1879\" data-end=\"1969\">Diese Website verwendet ein Cookie-Consent-Tool von <span class=\"hover:entity-accent entity-underline inline cursor-pointer align-baseline\"><span class=\"whitespace-normal\">CookieYes<\/span><\/span>.<\/p><p data-start=\"1971\" data-end=\"2137\">Das Tool erm\u00f6glicht es, Einwilligungen zur Speicherung bestimmter Cookies oder zum Einsatz bestimmter Technologien einzuholen und datenschutzkonform zu dokumentieren.<\/p><p data-start=\"2139\" data-end=\"2242\">Die Verarbeitung erfolgt auf Grundlage von Art. 6 Abs. 1 lit. c DSGVO sowie Art. 6 Abs. 1 lit. f DSGVO.<\/p><p data-start=\"2244\" data-end=\"2379\">Cookies, die nicht technisch notwendig sind (z. B. Analyse oder externe Inhalte), werden erst nach ausdr\u00fccklicher Einwilligung gesetzt.<\/p><hr data-start=\"2381\" data-end=\"2384\" \/><h4 data-section-id=\"1mggoxu\" data-start=\"2386\" data-end=\"2408\">6. Google Analytics<\/h4><p data-start=\"2410\" data-end=\"2525\">Diese Website nutzt <span class=\"hover:entity-accent entity-underline inline cursor-pointer align-baseline\"><span class=\"whitespace-normal\">Google Analytics<\/span><\/span> (GA4), einen Webanalysedienst der Google Ireland Limited.<\/p><p data-start=\"2527\" data-end=\"2618\">Google Analytics verwendet Cookies, die eine Analyse der Benutzung der Website erm\u00f6glichen.<\/p><p data-start=\"2620\" data-end=\"2687\">Die IP-Adresse wird standardm\u00e4\u00dfig anonymisiert (IP-Anonymisierung).<\/p><p data-start=\"2689\" data-end=\"2795\">Die Verarbeitung erfolgt ausschlie\u00dflich auf Grundlage Ihrer Einwilligung gem\u00e4\u00df Art. 6 Abs. 1 lit. a DSGVO.<\/p><p data-start=\"2797\" data-end=\"2927\">Die Daten\u00fcbertragung in die USA kann nicht ausgeschlossen werden. Google ist nach dem EU-U.S. Data Privacy Framework zertifiziert.<\/p><p data-start=\"2929\" data-end=\"3002\">Die Einwilligung kann jederzeit \u00fcber das Cookie-Banner widerrufen werden.<\/p><hr data-start=\"3004\" data-end=\"3007\" \/><h4 data-section-id=\"122kae8\" data-start=\"3009\" data-end=\"3030\">7. Kontaktformular<\/h4><p data-start=\"3032\" data-end=\"3198\">Wenn Sie uns \u00fcber das Kontaktformular kontaktieren, werden Ihre Angaben inklusive der von Ihnen dort angegebenen Kontaktdaten zur Bearbeitung der Anfrage gespeichert.<\/p><p data-start=\"3200\" data-end=\"3243\">Die Verarbeitung erfolgt auf Grundlage von:<\/p><ul data-start=\"3244\" data-end=\"3371\"><li data-section-id=\"1og93l8\" data-start=\"3244\" data-end=\"3317\">Art. 6 Abs. 1 lit. b DSGVO (Vertrag \/ vorvertragliche Ma\u00dfnahmen) oder<\/li><li data-section-id=\"1avaozy\" data-start=\"3318\" data-end=\"3371\">Art. 6 Abs. 1 lit. f DSGVO (berechtigtes Interesse)<\/li><\/ul><p data-start=\"3373\" data-end=\"3390\">Die Daten werden:<\/p><ul data-start=\"3391\" data-end=\"3460\"><li data-section-id=\"s0yk5k\" data-start=\"3391\" data-end=\"3426\">im WordPress-System gespeichert<\/li><li data-section-id=\"uzlcmx\" data-start=\"3427\" data-end=\"3460\">per E-Mail an uns \u00fcbermittelt<\/li><\/ul><p data-start=\"3462\" data-end=\"3525\">Eine Weitergabe an Dritte erfolgt nicht ohne Ihre Einwilligung.<\/p><hr data-start=\"3527\" data-end=\"3530\" \/><h4 data-section-id=\"1thrrgg\" data-start=\"3532\" data-end=\"3561\">8. Mehrsprachigkeit (WPML)<\/h4><p data-start=\"3563\" data-end=\"3666\">Zur Darstellung mehrsprachiger Inhalte wird das Plugin <span class=\"hover:entity-accent entity-underline inline cursor-pointer align-baseline\"><span class=\"whitespace-normal\">WPML<\/span><\/span> verwendet.<\/p><p data-start=\"3668\" data-end=\"3735\">Dabei erfolgt keine \u00dcbermittlung personenbezogener Daten an Dritte.<\/p><hr data-start=\"3737\" data-end=\"3740\" \/><h4 data-section-id=\"1ycvm7w\" data-start=\"3742\" data-end=\"3774\">9. Einbindung von Google Maps<\/h4><p data-start=\"3776\" data-end=\"3832\">Diese Website bindet Kartenmaterial von Google Maps ein.<\/p><p data-start=\"3834\" data-end=\"3940\">Die Inhalte werden erst geladen, nachdem Sie Ihre Einwilligung \u00fcber das Cookie-Consent-Tool erteilt haben.<\/p><p data-start=\"3942\" data-end=\"4032\">Bei Nutzung k\u00f6nnen personenbezogene Daten (z. B. IP-Adresse) an Google \u00fcbermittelt werden.<\/p><p data-start=\"4034\" data-end=\"4119\">Die Verarbeitung erfolgt auf Grundlage von Art. 6 Abs. 1 lit. a DSGVO (Einwilligung).<\/p><hr data-start=\"4121\" data-end=\"4124\" \/><h4 data-section-id=\"ykooj4\" data-start=\"4126\" data-end=\"4162\">10. SSL- bzw. TLS-Verschl\u00fcsselung<\/h4><p data-start=\"4164\" data-end=\"4293\">Diese Seite nutzt aus Sicherheitsgr\u00fcnden und zum Schutz der \u00dcbertragung vertraulicher Inhalte eine SSL- bzw. TLS-Verschl\u00fcsselung.<\/p><hr data-start=\"4295\" data-end=\"4298\" \/><h4 data-section-id=\"1yt915c\" data-start=\"4300\" data-end=\"4318\">11. Ihre Rechte<\/h4><p data-start=\"4320\" data-end=\"4354\">Sie haben jederzeit das Recht auf:<\/p><ul data-start=\"4355\" data-end=\"4554\"><li data-section-id=\"f9qm1y\" data-start=\"4355\" data-end=\"4397\">Auskunft \u00fcber Ihre gespeicherten Daten<\/li><li data-section-id=\"194f1z9\" data-start=\"4398\" data-end=\"4432\">Berichtigung unrichtiger Daten<\/li><li data-section-id=\"ckgzm0\" data-start=\"4433\" data-end=\"4457\">L\u00f6schung Ihrer Daten<\/li><li data-section-id=\"aj8j8x\" data-start=\"4458\" data-end=\"4491\">Einschr\u00e4nung der Verarbeitung<\/li><li data-section-id=\"1wshal5\" data-start=\"4492\" data-end=\"4516\">Daten\u00fcbertragbarkeit<\/li><li data-section-id=\"1oba0w1\" data-start=\"4517\" data-end=\"4554\">Widerruf erteilter Einwilligungen<\/li><\/ul><p data-start=\"4556\" data-end=\"4636\">Zudem steht Ihnen ein Beschwerderecht bei einer zust\u00e4ndigen Aufsichtsbeh\u00f6rde zu.<\/p><hr data-start=\"4638\" data-end=\"4641\" \/><h4 data-section-id=\"16osaz5\" data-start=\"4643\" data-end=\"4667\">12. Widerspruchsrecht<\/h4><p data-start=\"4669\" data-end=\"4816\">Sie haben das Recht, der Verarbeitung Ihrer personenbezogenen Daten jederzeit zu widersprechen, sofern diese auf Art. 6 Abs. 1 lit. f DSGVO beruht.<\/p><hr data-start=\"4818\" data-end=\"4821\" \/><h4 data-section-id=\"1xaxy8t\" data-start=\"4823\" data-end=\"4843\">13. Speicherdauer<\/h4><p data-start=\"4845\" data-end=\"5010\">Personenbezogene Daten werden nur so lange gespeichert, wie dies zur Erf\u00fcllung der jeweiligen Zwecke erforderlich ist oder gesetzliche Aufbewahrungsfristen bestehen.<\/p><hr data-start=\"5012\" data-end=\"5015\" \/><h4 data-section-id=\"1ci7pog\" data-start=\"5017\" data-end=\"5034\">14. \u00c4nderungen<\/h4><p data-start=\"5036\" data-end=\"5180\">Wir behalten uns vor, diese Datenschutzerkl\u00e4rung anzupassen, um sie an ge\u00e4nderte rechtliche Anforderungen oder technische \u00c4nderungen anzupassen.<\/p>\t\t\t\t\t\t\t\t<\/div>\n\t\t\t\t<\/div>\n\t\t\t\t<div class=\"elementor-element elementor-element-277c7f9 elementor-widget elementor-widget-spacer\" data-id=\"277c7f9\" data-element_type=\"widget\" data-e-type=\"widget\" data-widget_type=\"spacer.default\">\n\t\t\t\t\t\t\t<div class=\"elementor-spacer\">\n\t\t\t<div class=\"elementor-spacer-inner\"><\/div>\n\t\t<\/div>\n\t\t\t\t\t\t<\/div>\n\t\t\t\t<\/div>\n\t\t\t\t<\/div>\n\t\t","protected":false},"excerpt":{"rendered":"<p>Datenschutz Datenschutz Datenschutzerkl\u00e4rung N\u00ba3 Schinkelplatz 1. Verantwortlicher Verantwortlicher f\u00fcr die Datenverarbeitung auf dieser Website ist: FRANKONIA Eurobau Schinkelplatz GmbHSchinkelplatz 210117 BerlinDeutschland Telefon: +49 (0) 30 206 48299E-Mail: contact@no3-schinkelplatz.com 2. Datenschutzbeauftragter Der Datenschutzbeauftragte des Verantwortlichen ist: BITsic GmbHHerr Mario RosenkranzVesperther Trift 733181 Bad W\u00fcnnenberg-F\u00fcrstenberg Telefon: +49 (0) 2953 39699 20E-Mail: datenschutz@bitsic.de 3. Hosting Diese Website wird [&hellip;]<\/p>\n","protected":false},"author":1,"featured_media":0,"parent":0,"menu_order":0,"comment_status":"closed","ping_status":"closed","template":"elementor_header_footer","meta":{"footnotes":""},"class_list":["post-1108","page","type-page","status-publish","hentry"],"yoast_head":"<!-- This site is optimized with the Yoast SEO plugin v27.2 - https:\/\/yoast.com\/product\/yoast-seo-wordpress\/ -->\n<title>Datenschutz | N\u00ba3 Schinkelplatz Berlin<\/title>\n<meta name=\"description\" content=\"Datenschutz der Webseite no3-schinkelplatz.com\" \/>\n<meta name=\"robots\" content=\"index, follow, max-snippet:-1, max-image-preview:large, max-video-preview:-1\" \/>\n<link rel=\"canonical\" href=\"https:\/\/no3-schinkelplatz.com\/de\/datenschutz\/\" \/>\n<meta property=\"og:locale\" content=\"de_DE\" \/>\n<meta property=\"og:type\" content=\"article\" \/>\n<meta property=\"og:title\" content=\"Datenschutz | N\u00ba3 Schinkelplatz Berlin\" \/>\n<meta property=\"og:description\" content=\"Datenschutz der Webseite no3-schinkelplatz.com\" \/>\n<meta property=\"og:url\" content=\"https:\/\/no3-schinkelplatz.com\/de\/datenschutz\/\" \/>\n<meta property=\"og:site_name\" content=\"N\u00ba3 Schinkelplatz\" \/>\n<meta property=\"article:modified_time\" content=\"2026-03-30T09:21:44+00:00\" \/>\n<meta property=\"og:image\" content=\"https:\/\/no3-schinkelplatz.com\/wp-content\/uploads\/2026\/02\/wohnen-auf-zeit-berlin-schinkelplatz-no3-umgebung-04.jpg\" \/>\n\t<meta property=\"og:image:width\" content=\"1920\" \/>\n\t<meta property=\"og:image:height\" content=\"1363\" \/>\n\t<meta property=\"og:image:type\" content=\"image\/jpeg\" \/>\n<meta name=\"twitter:card\" content=\"summary_large_image\" \/>\n<meta name=\"twitter:label1\" content=\"Gesch\u00e4tzte Lesezeit\" \/>\n\t<meta name=\"twitter:data1\" content=\"4\u00a0Minuten\" \/>\n<script type=\"application\/ld+json\" class=\"yoast-schema-graph\">{\"@context\":\"https:\/\/schema.org\",\"@graph\":[{\"@type\":\"WebPage\",\"@id\":\"https:\/\/no3-schinkelplatz.com\/de\/datenschutz\/\",\"url\":\"https:\/\/no3-schinkelplatz.com\/de\/datenschutz\/\",\"name\":\"Datenschutz | N\u00ba3 Schinkelplatz Berlin\",\"isPartOf\":{\"@id\":\"https:\/\/no3-schinkelplatz.com\/de\/#website\"},\"datePublished\":\"2026-03-06T11:08:00+00:00\",\"dateModified\":\"2026-03-30T09:21:44+00:00\",\"description\":\"Datenschutz der Webseite no3-schinkelplatz.com\",\"breadcrumb\":{\"@id\":\"https:\/\/no3-schinkelplatz.com\/de\/datenschutz\/#breadcrumb\"},\"inLanguage\":\"de\",\"potentialAction\":[{\"@type\":\"ReadAction\",\"target\":[\"https:\/\/no3-schinkelplatz.com\/de\/datenschutz\/\"]}]},{\"@type\":\"BreadcrumbList\",\"@id\":\"https:\/\/no3-schinkelplatz.com\/de\/datenschutz\/#breadcrumb\",\"itemListElement\":[{\"@type\":\"ListItem\",\"position\":1,\"name\":\"Start\",\"item\":\"https:\/\/no3-schinkelplatz.com\/de\/\"},{\"@type\":\"ListItem\",\"position\":2,\"name\":\"Datenschutz\"}]},{\"@type\":\"WebSite\",\"@id\":\"https:\/\/no3-schinkelplatz.com\/de\/#website\",\"url\":\"https:\/\/no3-schinkelplatz.com\/de\/\",\"name\":\"N\u00ba3 Schinkelplatz\",\"description\":\"Luxus Apartments in Berlin Mitte\",\"publisher\":{\"@id\":\"https:\/\/no3-schinkelplatz.com\/de\/#organization\"},\"potentialAction\":[{\"@type\":\"SearchAction\",\"target\":{\"@type\":\"EntryPoint\",\"urlTemplate\":\"https:\/\/no3-schinkelplatz.com\/de\/?s={search_term_string}\"},\"query-input\":{\"@type\":\"PropertyValueSpecification\",\"valueRequired\":true,\"valueName\":\"search_term_string\"}}],\"inLanguage\":\"de\"},{\"@type\":\"Organization\",\"@id\":\"https:\/\/no3-schinkelplatz.com\/de\/#organization\",\"name\":\"No3 - Schinkelplatz\",\"url\":\"https:\/\/no3-schinkelplatz.com\/de\/\",\"logo\":{\"@type\":\"ImageObject\",\"inLanguage\":\"de\",\"@id\":\"https:\/\/no3-schinkelplatz.com\/de\/#\/schema\/logo\/image\/\",\"url\":\"https:\/\/no3-schinkelplatz.com\/wp-content\/uploads\/2026\/01\/cropped-schinkelpatz-no3-logo.png\",\"contentUrl\":\"https:\/\/no3-schinkelplatz.com\/wp-content\/uploads\/2026\/01\/cropped-schinkelpatz-no3-logo.png\",\"width\":500,\"height\":316,\"caption\":\"No3 - Schinkelplatz\"},\"image\":{\"@id\":\"https:\/\/no3-schinkelplatz.com\/de\/#\/schema\/logo\/image\/\"}}]}<\/script>\n<!-- \/ Yoast SEO plugin. -->","yoast_head_json":{"title":"Datenschutz | N\u00ba3 Schinkelplatz Berlin","description":"Datenschutz der Webseite no3-schinkelplatz.com","robots":{"index":"index","follow":"follow","max-snippet":"max-snippet:-1","max-image-preview":"max-image-preview:large","max-video-preview":"max-video-preview:-1"},"canonical":"https:\/\/no3-schinkelplatz.com\/de\/datenschutz\/","og_locale":"de_DE","og_type":"article","og_title":"Datenschutz | N\u00ba3 Schinkelplatz Berlin","og_description":"Datenschutz der Webseite no3-schinkelplatz.com","og_url":"https:\/\/no3-schinkelplatz.com\/de\/datenschutz\/","og_site_name":"N\u00ba3 Schinkelplatz","article_modified_time":"2026-03-30T09:21:44+00:00","og_image":[{"width":1920,"height":1363,"url":"https:\/\/no3-schinkelplatz.com\/wp-content\/uploads\/2026\/02\/wohnen-auf-zeit-berlin-schinkelplatz-no3-umgebung-04.jpg","type":"image\/jpeg"}],"twitter_card":"summary_large_image","twitter_misc":{"Gesch\u00e4tzte Lesezeit":"4\u00a0Minuten"},"schema":{"@context":"https:\/\/schema.org","@graph":[{"@type":"WebPage","@id":"https:\/\/no3-schinkelplatz.com\/de\/datenschutz\/","url":"https:\/\/no3-schinkelplatz.com\/de\/datenschutz\/","name":"Datenschutz | N\u00ba3 Schinkelplatz Berlin","isPartOf":{"@id":"https:\/\/no3-schinkelplatz.com\/de\/#website"},"datePublished":"2026-03-06T11:08:00+00:00","dateModified":"2026-03-30T09:21:44+00:00","description":"Datenschutz der Webseite no3-schinkelplatz.com","breadcrumb":{"@id":"https:\/\/no3-schinkelplatz.com\/de\/datenschutz\/#breadcrumb"},"inLanguage":"de","potentialAction":[{"@type":"ReadAction","target":["https:\/\/no3-schinkelplatz.com\/de\/datenschutz\/"]}]},{"@type":"BreadcrumbList","@id":"https:\/\/no3-schinkelplatz.com\/de\/datenschutz\/#breadcrumb","itemListElement":[{"@type":"ListItem","position":1,"name":"Start","item":"https:\/\/no3-schinkelplatz.com\/de\/"},{"@type":"ListItem","position":2,"name":"Datenschutz"}]},{"@type":"WebSite","@id":"https:\/\/no3-schinkelplatz.com\/de\/#website","url":"https:\/\/no3-schinkelplatz.com\/de\/","name":"N\u00ba3 Schinkelplatz","description":"Luxus Apartments in Berlin Mitte","publisher":{"@id":"https:\/\/no3-schinkelplatz.com\/de\/#organization"},"potentialAction":[{"@type":"SearchAction","target":{"@type":"EntryPoint","urlTemplate":"https:\/\/no3-schinkelplatz.com\/de\/?s={search_term_string}"},"query-input":{"@type":"PropertyValueSpecification","valueRequired":true,"valueName":"search_term_string"}}],"inLanguage":"de"},{"@type":"Organization","@id":"https:\/\/no3-schinkelplatz.com\/de\/#organization","name":"No3 - Schinkelplatz","url":"https:\/\/no3-schinkelplatz.com\/de\/","logo":{"@type":"ImageObject","inLanguage":"de","@id":"https:\/\/no3-schinkelplatz.com\/de\/#\/schema\/logo\/image\/","url":"https:\/\/no3-schinkelplatz.com\/wp-content\/uploads\/2026\/01\/cropped-schinkelpatz-no3-logo.png","contentUrl":"https:\/\/no3-schinkelplatz.com\/wp-content\/uploads\/2026\/01\/cropped-schinkelpatz-no3-logo.png","width":500,"height":316,"caption":"No3 - Schinkelplatz"},"image":{"@id":"https:\/\/no3-schinkelplatz.com\/de\/#\/schema\/logo\/image\/"}}]}},"_links":{"self":[{"href":"https:\/\/no3-schinkelplatz.com\/de\/wp-json\/wp\/v2\/pages\/1108","targetHints":{"allow":["GET"]}}],"collection":[{"href":"https:\/\/no3-schinkelplatz.com\/de\/wp-json\/wp\/v2\/pages"}],"about":[{"href":"https:\/\/no3-schinkelplatz.com\/de\/wp-json\/wp\/v2\/types\/page"}],"author":[{"embeddable":true,"href":"https:\/\/no3-schinkelplatz.com\/de\/wp-json\/wp\/v2\/users\/1"}],"replies":[{"embeddable":true,"href":"https:\/\/no3-schinkelplatz.com\/de\/wp-json\/wp\/v2\/comments?post=1108"}],"version-history":[{"count":7,"href":"https:\/\/no3-schinkelplatz.com\/de\/wp-json\/wp\/v2\/pages\/1108\/revisions"}],"predecessor-version":[{"id":1410,"href":"https:\/\/no3-schinkelplatz.com\/de\/wp-json\/wp\/v2\/pages\/1108\/revisions\/1410"}],"wp:attachment":[{"href":"https:\/\/no3-schinkelplatz.com\/de\/wp-json\/wp\/v2\/media?parent=1108"}],"curies":[{"name":"wp","href":"https:\/\/api.w.org\/{rel}","templated":true}]}}